{"id":105,"date":"2026-01-22T18:01:50","date_gmt":"2026-01-22T18:01:50","guid":{"rendered":"https:\/\/grupoindustrialbaca.com\/es\/?page_id=105"},"modified":"2026-03-26T18:54:57","modified_gmt":"2026-03-26T18:54:57","slug":"politica-de-calidad","status":"publish","type":"page","link":"https:\/\/grupoindustrialbaca.com\/es\/politica-de-calidad\/","title":{"rendered":"Pol\u00edtica de calidad"},"content":{"rendered":"<p>[et_pb_section fb_built=&#8221;1&#8243; _builder_version=&#8221;4.27.5&#8243; _module_preset=&#8221;default&#8221; global_colors_info=&#8221;{}&#8221;][et_pb_row _builder_version=&#8221;4.27.5&#8243; _module_preset=&#8221;default&#8221; global_colors_info=&#8221;{}&#8221;][et_pb_column type=&#8221;4_4&#8243; _builder_version=&#8221;4.27.5&#8243; _module_preset=&#8221;default&#8221; global_colors_info=&#8221;{}&#8221;][et_pb_heading title=&#8221;Quality Policy&#8221; _builder_version=&#8221;4.27.5&#8243; _module_preset=&#8221;default&#8221; title_font=&#8221;|700|||||||&#8221; title_text_align=&#8221;center&#8221; title_line_height=&#8221;1.2em&#8221; title_font_size_tablet=&#8221;&#8221; title_font_size_phone=&#8221;25px&#8221; title_font_size_last_edited=&#8221;on|phone&#8221; global_colors_info=&#8221;{}&#8221;][\/et_pb_heading][et_pb_text _builder_version=&#8221;4.27.5&#8243; _module_preset=&#8221;default&#8221; text_orientation=&#8221;center&#8221; hover_enabled=&#8221;0&#8243; global_colors_info=&#8221;{}&#8221; sticky_enabled=&#8221;0&#8243;]<\/p>\n<h3 class=\"title-heading\"><em>We, at Grupo Industrial Baca, we are committed with the quality of the products and services that we offer to our clients, which will allow us to be recognized as leaders in the region, and maintain the support from our Shareholders and employees. That\u2019s why we are committed with the continuous improvement of our Quality Management System and compliance of the requirements that apply to our products and services.<\/em><\/h3>\n<p>[\/et_pb_text][\/et_pb_column][\/et_pb_row][\/et_pb_section][et_pb_section fb_built=&#8221;1&#8243; _builder_version=&#8221;4.27.5&#8243; _module_preset=&#8221;default&#8221; background_color=&#8221;#F5F5F5&#8243; use_background_color_gradient=&#8221;on&#8221; background_color_gradient_stops=&#8221;#145ca7 0%|#0a325b 51%|#041b2b 100%&#8221; custom_padding=&#8221;0px||||false|false&#8221; global_colors_info=&#8221;{}&#8221;][et_pb_row _builder_version=&#8221;4.27.5&#8243; _module_preset=&#8221;default&#8221; custom_padding=&#8221;0px||||false|false&#8221; global_colors_info=&#8221;{}&#8221;][et_pb_column type=&#8221;4_4&#8243; _builder_version=&#8221;4.27.5&#8243; _module_preset=&#8221;default&#8221; global_colors_info=&#8221;{}&#8221;][et_pb_tabs active_tab_background_color=&#8221;#0A325B&#8221; inactive_tab_background_color=&#8221;RGBA(255,255,255,0)&#8221; active_tab_text_color=&#8221;#FFFFFF&#8221; _builder_version=&#8221;4.27.5&#8243; _module_preset=&#8221;default&#8221; tab_text_color=&#8221;#000000&#8243; box_shadow_style=&#8221;preset3&#8243; global_colors_info=&#8221;{}&#8221;][et_pb_tab title=&#8221;Pol\u00edtica de responsabilidad social&#8221; _builder_version=&#8221;4.27.5&#8243; _module_preset=&#8221;default&#8221; global_colors_info=&#8221;{}&#8221;]<\/p>\n<p>Grupo Industrial BACA en busca de ser una empresa socialmente responsable y en inter\u00e9s de preservar la protecci\u00f3n de sus empleados y la comunidad basa su cultura empresarial en los siguientes ejes:<\/p>\n<p><strong>1. Igualdad y No discriminaci\u00f3n.<\/strong><\/p>\n<p class=\"just\">Somos una empresa que acepta la diversidad, esta diversidad no puede ser factor de decisi\u00f3n en la contrataci\u00f3n, promoci\u00f3n o baja de un trabajador; por ello, est\u00e1 prohibida la discriminaci\u00f3n desde la contrataci\u00f3n por aspectos basados en condici\u00f3n cultural, raza, casta, nacionalidad, religi\u00f3n, edad, discapacidad, genero, estado civil, orientaci\u00f3n sexual o afiliaci\u00f3n pol\u00edtica; las \u00fanicas restricciones son las que establece la naturaleza de cada actividad, los riesgos para realizarla y la competencia para cumplirla.<\/p>\n<p><strong>2. Uso de trabajo infantil.<\/strong><\/p>\n<p class=\"just\">El respeto a los derechos humanos y laborales es una ocupaci\u00f3n en nuestra organizaci\u00f3n por eso, est\u00e1 prohibido el trabajo infantil tanto en nuestras instalaciones como con nuestros proveedores. Grupo Industrial BACA contrata a personas que son mayores de edad en M\u00e9xico, la Ley laboral mexicana atribuye derechos para trabajar a los menores de edad a partir de los 15 a\u00f1os. Grupo Industrial BACA podr\u00e1 contratar menores de edad solo si el tipo de actividad cumple con las condiciones de seguridad, salud y educaci\u00f3n establecidas en la ley.<\/p>\n<p><strong>3. Libre empleo.<\/strong><\/p>\n<p class=\"just\">En Grupo Industrial BACA buscamos generar un excelente ambiente de trabajo, por ello es una condici\u00f3n que las personas decidan unirse a nuestra organizaci\u00f3n por su libre elecci\u00f3n sin que ninguna acci\u00f3n forzada lo reclute o retenga laborando en contra de su voluntad. Queda prohibido el uso de mano de obra forzada, obligada, condicionada, penitenciaria, en condici\u00f3n de esclavitud o como resultado de tr\u00e1fico de personas.<\/p>\n<p><strong>4. Respeto entre trabajadores.<\/strong><\/p>\n<p class=\"just\">Como empresa promovemos el respeto mutuo entre los trabajadores. El uso de palabras obscenas entre los trabajadores no est\u00e1 permitido. Pintas y da\u00f1os que perjudiquen las instalaciones afectan la calidad laboral, por lo que no son aceptables. El trato amable y cordial es considerado un activo cultural de la organizaci\u00f3n.<\/p>\n<p><strong>5. Pol\u00edtica de puertas abiertas.<\/strong><\/p>\n<p class=\"just\">Esta pol\u00edtica promueve la comunicaci\u00f3n en todos los niveles de la organizaci\u00f3n y establece que todo trabajador podr\u00e1 solicitar informaci\u00f3n, denunciar faltas de conducta, quejarse de posibles irregularidades, solicitar la soluci\u00f3n de problemas o tratar cualquier otro asunto o preocupaci\u00f3n con su jefe o con el superior de su jefe cuando no sean atendidas sus inquietudes; pudiendo llevar su asunto directamente con el \u00e1rea de recursos humanos cuando considere que los responsables de atenderlo no lo hacen. Queda prohibida toda forma de represalia por parte de cualquier persona que labora en la organizaci\u00f3n, acciones de represalia podr\u00e1n ser denunciadas directamente al \u00e1rea de recursos humanos.<\/p>\n<p><strong>6. Manejo confidencial de la informaci\u00f3n y datos.<\/strong><\/p>\n<p class=\"just\">No est\u00e1 permitido a los responsables y participantes de cualquier proceso productivo, administrativo, laboral, ambiental y de seguridad, divulgar dentro o fuera de la organizaci\u00f3n, informaci\u00f3n y datos a personas no autorizadas o para su uso con fines distintos para los cuales la informaci\u00f3n es recopilada. La confidencialidad puede incluir el anonimato cuando sea solicitado por un trabajador.<\/p>\n<p><strong>7. Libertad de asociaci\u00f3n.<\/strong><\/p>\n<p class=\"just\">Grupo Industrial BACA no obliga a los trabajadores por coacci\u00f3n o por cualquier otro medio a pertenecer a un sindicato o agrupaci\u00f3n o a que voten por determinada candidatura o representaci\u00f3n. No se proh\u00edbe la interacci\u00f3n entre personas cuando no se afecte la actividad laboral, o la organizaci\u00f3n de grupos con intereses comunes siempre que no sea para realizar actividades comerciales con fines de lucro, apoyar candidaturas pol\u00edticas, realizar actos delictivos, o actividades que interfieran con el clima laboral.<\/p>\n<p><strong>8. Seguridad e higiene.<\/strong><\/p>\n<p class=\"just\">Grupo Industrial BACA tiene el compromiso con la salud, seguridad y prevenci\u00f3n de lesiones, adem\u00e1s de proveer un lugar de trabajo seguro, saludable para nuestros empleados y prevenir riesgos en las actividades. Dentro de las instalaciones est\u00e1 prohibido el uso de armas y el consumo de alcohol y drogas.<\/p>\n<p><strong>9. Protecci\u00f3n al medio ambiente.<\/strong><\/p>\n<p class=\"just\">Grupo Industrial BACA busca preservar la naturaleza, el uso de buenas pr\u00e1cticas como el reciclaje es de desarrollo constante. La disposici\u00f3n de los desechos peligrosos y de manejo especial a trav\u00e9s de proveedores aprobados por SEMARNAT (Secretar\u00eda de Medio Ambiente y Recursos Naturales) es una cultura laboral. Mantener la operaci\u00f3n de la empresa sin descarga de qu\u00edmicos al sistema de drenaje municipal. Promover pr\u00e1cticas de \u201cretorno de corrugados\u201d con los clientes para mantener los costos bajos y reducir desperdicio de corrugado. Separaci\u00f3n\/Clasificaci\u00f3n de los materiales reciclables para contribuir con la facilidad en el proceso de reciclaje (papel impreso\/papel en blanco\/papel encerado\/corrugado\/pl\u00e1sticos por tipos\/metales\/madera de tarimas).<\/p>\n<p><strong>10. Comunicaci\u00f3n a proveedores.<\/strong><\/p>\n<ul>\n<li>\n<p class=\"just\">Los proveedores no pueden prometer, ofrecer, entregar, ni pagar alguna cantidad de dinero, otorgar regalos o cualquier otro objeto de valor o servicios, o d\u00e1diva a favor. Todos los empleados de Grupo Industrial BACA evitar\u00e1n y rechazaran recibir regalos, dadivas o cualquier otro objeto de valor o servicios, as\u00ed como arreglos compensatorios o contribuciones destinadas a favorecer u otorgar ventajas por parte de cualquier proveedor.<\/p>\n<\/li>\n<li>El medio de reclutamiento y selecci\u00f3n de personal directo, indirecto y administrativo puede ser mediante reclutadoras, por lo que es requisito que estas pol\u00edticas les sean comunicadas para su cumplimiento.<\/li>\n<li>Proveedores de Papel deber\u00e1n estar certificados en FSC (Consejo de Administraci\u00f3n Forestal).<\/li>\n<li>Proveedores de tinta deber\u00e1n de evitar el uso de qu\u00edmicos cancer\u00edgenos en sus componentes.<\/li>\n<li>Proveedores no podr\u00e1n utilizar materiales que se encuentren bajo cr\u00edtica internacional, (ej. Conflict Minerals DRC).<\/li>\n<\/ul>\n<p>[\/et_pb_tab][et_pb_tab title=&#8221;Pol\u00edtica ambiental&#8221; _builder_version=&#8221;4.27.5&#8243; _module_preset=&#8221;default&#8221; global_colors_info=&#8221;{}&#8221;]<\/p>\n<p>En grupo Industrial BACA, S.A. de C.V. , somos una empresa de impresi\u00f3n especializada en instructivos, manuales, etiquetas, header cards, cajas de cartoncillo y cajas de microcorrugado, siendo responsable en el uso de los recursos; agua, energ\u00eda y desempe\u00f1o ambiental. Comprometidos con la protecci\u00f3n, conservaci\u00f3n del medio ambiente, prevenci\u00f3n de la contaminaci\u00f3n, a trav\u00e9s de la mejora continua del sistema de gesti\u00f3n ambiental, cumpliendo los requisitos legales y otros requisitos. Esta pol\u00edtica se cumple a trav\u00e9s de los objetivos ambientales.<\/p>\n<p>Atentamente<br \/><strong>Gerencia Administrativa<\/strong><br \/>Febrero 2025<\/p>\n<p>[\/et_pb_tab][et_pb_tab title=&#8221;Pol\u00edtica de cadena de custodia FSC&#8221; _builder_version=&#8221;4.27.5&#8243; _module_preset=&#8221;default&#8221; global_colors_info=&#8221;{}&#8221;]<\/p>\n<p>Cuando es requerido por nuestros clientes en Grupo Industrial BACA nos aseguramos que la materia prima utilizada en nuestros procesos productivos proviene de un origen sustentable, adem\u00e1s del control del resto de los insumos que manejamos en nuestros procesos.<\/p>\n<p>[\/et_pb_tab][\/et_pb_tabs][\/et_pb_column][\/et_pb_row][\/et_pb_section]<\/p>\n","protected":false},"excerpt":{"rendered":"<p>We, at Grupo Industrial Baca, we are committed with the quality of the products and services that we offer to our clients, which will allow us to be recognized as leaders in the region, and maintain the support from our Shareholders and employees. That\u2019s why we are committed with the continuous improvement of our Quality [&hellip;]<\/p>\n","protected":false},"author":2,"featured_media":0,"parent":0,"menu_order":0,"comment_status":"closed","ping_status":"closed","template":"","meta":{"_et_pb_use_builder":"on","_et_pb_old_content":"","_et_gb_content_width":"","_joinchat":[],"footnotes":""},"class_list":["post-105","page","type-page","status-publish","hentry"],"_links":{"self":[{"href":"https:\/\/grupoindustrialbaca.com\/es\/wp-json\/wp\/v2\/pages\/105","targetHints":{"allow":["GET"]}}],"collection":[{"href":"https:\/\/grupoindustrialbaca.com\/es\/wp-json\/wp\/v2\/pages"}],"about":[{"href":"https:\/\/grupoindustrialbaca.com\/es\/wp-json\/wp\/v2\/types\/page"}],"author":[{"embeddable":true,"href":"https:\/\/grupoindustrialbaca.com\/es\/wp-json\/wp\/v2\/users\/2"}],"replies":[{"embeddable":true,"href":"https:\/\/grupoindustrialbaca.com\/es\/wp-json\/wp\/v2\/comments?post=105"}],"version-history":[{"count":7,"href":"https:\/\/grupoindustrialbaca.com\/es\/wp-json\/wp\/v2\/pages\/105\/revisions"}],"predecessor-version":[{"id":261,"href":"https:\/\/grupoindustrialbaca.com\/es\/wp-json\/wp\/v2\/pages\/105\/revisions\/261"}],"wp:attachment":[{"href":"https:\/\/grupoindustrialbaca.com\/es\/wp-json\/wp\/v2\/media?parent=105"}],"curies":[{"name":"wp","href":"https:\/\/api.w.org\/{rel}","templated":true}]}}